{"id":15011,"date":"2026-01-12T14:58:48","date_gmt":"2026-01-12T13:58:48","guid":{"rendered":"https:\/\/www.ladislavjakl.cz\/?page_id=15011"},"modified":"2026-01-12T14:59:23","modified_gmt":"2026-01-12T13:59:23","slug":"ddd","status":"publish","type":"page","link":"https:\/\/www.ladislavjakl.cz\/?page_id=15011","title":{"rendered":"Archiv rubriky \u201eCo se d\u011bje\u201c \u2013 rok 2024"},"content":{"rendered":"<p><span style=\"color: #666699;\">31. 12. 2024, 22.30 \u2013&nbsp;<b>Televize XTV<\/b>, L. J. hostem silvestrovsk\u00e9ho po\u0159adu XTV<\/span><\/p>\n<p><span style=\"color: #666699;\">17. 12. 2024, 19.30 \u2013&nbsp;<b>Na Slamn\u00edku<\/b>, Bubene\u010d: koncert rockov\u00e9 kapely&nbsp;<b>Folimanka Blues<\/b><\/span><\/p>\n<p><span style=\"color: #666699;\">12. 12. 2024, 18.30 \u2013&nbsp;Novotn\u00e9ho l\u00e1vka, Star\u00e9 M\u011bsto: L. J. v&nbsp;panelu ve\u0159ejn\u00e9 diskuse&nbsp;<b>Mus\u00edme v&nbsp;21. stolet\u00ed platit \u010cT a \u010cRo?<\/b>&nbsp;&nbsp;<\/span><\/p>\n<p><span style=\"color: #666699;\">07. 12. 2024, 14.00 \u2013&nbsp;Prvn\u00ed Pivn\u00ed Tramway, Spo\u0159ilov: L. J. v&nbsp;porot\u011b degustace&nbsp;<b>Prvn\u00ed pivn\u00ed extraligy&nbsp;<\/b>v&nbsp;r\u00e1mci sout\u011b\u017ee<b>&nbsp;O kr\u00e1le Prahy&nbsp;<\/b>\u2013 nejlep\u0161\u00edch \u010depovan\u00fdch le\u017e\u00e1k\u016f vyr\u00e1b\u011bn\u00fdch na \u00fazem\u00ed hlavn\u00edho m\u011bsta.<\/span><\/p>\n<p><span style=\"color: #666699;\">24. 11. 2024, 12.00 \u2013&nbsp;<b>D\u016fm kultury, Kladno<\/b>, L. J. v&nbsp;porot\u011b nejv\u011bt\u0161\u00ed sout\u011b\u017ee amat\u00e9rsk\u00fdch kapel hraj\u00edc\u00edch na\u017eivo&nbsp;<b>Skute\u010dn\u00e1 liga<\/b><\/span><\/p>\n<p><span style=\"color: #666699;\">20. 11. 2024, 19.00 \u2013&nbsp;<b>Pivovar Nestville, Hniezdne, Slovensko<\/b>, \u010desko-slovensk\u00e9 Superfin\u00e1le Prvn\u00ed pivn\u00ed extraligy<\/span><\/p>\n<p><span style=\"color: #666699;\">14. 11. 2024, 11.00 \u2013&nbsp;<b>Spole\u010densk\u00fd s\u00e1l hotelu U Zelen\u00e9ho stromu v are\u00e1lu pivovaru Zlat\u00e1 Kr\u00e1va v Nepomuku<\/b>, L. J. moderuje Slavnostn\u00ed vyhl\u00e1\u0161en\u00ed cen Sdru\u017een\u00ed p\u0159\u00e1tel piva<\/span><\/p>\n<p><span style=\"color: #666699;\">08. 11. 2024, 18.00&nbsp; \u2013&nbsp;<b>Pivovar Hendrych,&nbsp;<\/b>Vrchlab\u00ed, L. J. v&nbsp;porot\u011b degusta\u010dn\u00ed sout\u011b\u017ee pro pivovarsk\u00e9 domovarn\u00edky<\/span><\/p>\n<p><span style=\"color: #666699;\">19. 10. 2024, 09.30&nbsp; &#8211; <b>B\u0159evnovsk\u00fd kl\u00e1\u0161ter<\/b>, L. J. v&nbsp;mezin\u00e1rodn\u00ed porot\u011b pivn\u00ed degusta\u010dn\u00ed sout\u011b\u017ee Golden Bohemia<\/span><\/p>\n<p><span style=\"color: #666699;\">12. 10. 2024, 09.00 \u2013&nbsp;Hotel&nbsp;<b>Samechov<\/b>, Chocerady:&nbsp;<b>L. J.<\/b>&nbsp;moderuje konferenci&nbsp;<b>SOSP Konzervativn\u00ed kontrarevoluce<\/b><\/span><\/p>\n<p><span style=\"color: #666699;\">09. 10. 2024, 19.30 \u2013&nbsp;<b>Prvn\u00ed Pivn\u00ed Tramway<\/b>, fin\u00e1le patn\u00e1ct\u00e9ho ro\u010dn\u00edku degustace \u010desk\u00fdch le\u017e\u00e1k\u016f&nbsp;<b>Prvn\u00ed pivn\u00ed extraligy<\/b><\/span><\/p>\n<p><span style=\"color: #666699;\">25. 09. 2024, 19.30 \u2013&nbsp;<b>Prvn\u00ed Pivn\u00ed Tramway<\/b>, druh\u00e9 semifin\u00e1le patn\u00e1ct\u00e9ho ro\u010dn\u00edku degustac\u00ed&nbsp;<b>Prvn\u00ed pivn\u00ed extraligy<\/b><\/span><\/p>\n<p><span style=\"color: #666699;\">21. 09. 2024 &#8211; Nostalgick\u00e1 my\u0161, Koko\u0159\u00edn &#8211; \u0160emanovice: koncert kapely Folimanka Blues<\/span><\/p>\n<p><span style=\"color: #666699;\">11. 09. 2024, 19.30 \u2013&nbsp;<b>Prvn\u00ed Pivn\u00ed Tramway<\/b>, prvn\u00ed semifin\u00e1le patn\u00e1ct\u00e9ho ro\u010dn\u00edku degustace&nbsp;<b>Prvn\u00ed pivn\u00ed extraligy<\/b><\/span><\/p>\n<p><span style=\"color: #666699;\">08. 08. 2024, 19.22 \u2013&nbsp;Modr\u00e1 vopice, Vyso\u010dany: L. J., zahraje v&nbsp;r\u00e1mci ve\u010dera Open Mike, v\u011bnovan\u00e9ho Ka\u0161t\u00e1nkovi<\/span><\/p>\n<p><span style=\"color: #666699;\">31. 07. 2024, 18.00 \u2013&nbsp;L. J. hostem v&nbsp;po\u0159adu Nepodvolen\u00ed televize&nbsp;<b>Protiproud<\/b><\/span><\/p>\n<p><span style=\"color: #666699;\">29. 07. 2024, 19.30 \u2013&nbsp;<b>Prvn\u00ed Pivn\u00ed Tramway<\/b>, ochutn\u00e1vka nealkoholick\u00fdch piv v&nbsp;r\u00e1mci vlo\u017een\u00e9 degustace&nbsp;<b>Prvn\u00ed pivn\u00ed extraligy<\/b><\/span><\/p>\n<p><span style=\"color: #666699;\">01. 07. 2024, 19.30 \u2013&nbsp;<b>Prvn\u00ed Pivn\u00ed Tramway<\/b>, degustace asijsk\u00fdch tov\u00e1rn\u00edch le\u017e\u00e1k\u016f v&nbsp;r\u00e1mci vlo\u017een\u00e9 degustace&nbsp;<b>Prvn\u00ed pivn\u00ed extraligy<\/b>&nbsp;<\/span><\/p>\n<p><span style=\"color: #666699;\">26. 06. 2024, 11.00 \u2013&nbsp;<b>Prima CNN:<\/b>&nbsp;L. J. \u017eiv\u011b v&nbsp;debat\u011b o \u010desko-slovensk\u00fdch vztaz\u00edch<\/span><\/p>\n<p><span style=\"color: #666699;\">19. 06. 2024, 19.00 \u2013&nbsp;<b>Prvn\u00ed Pivn\u00ed Tramway<\/b>, degustace slovensk\u00fdch tov\u00e1rn\u00edch le\u017e\u00e1k\u016f&nbsp;<b>Prvn\u00ed pivn\u00ed extraligy<\/b>&nbsp;pro rok 2024<\/span><\/p>\n<p><span style=\"color: #666699;\">15. 06. 2024, 19.30, Na slamn\u00edku, Bubene\u010d: koncert L. J. s kapelou&nbsp;<b>Folimanka Blues<\/b><\/span><\/p>\n<p><span style=\"color: #666699;\">26. 05. 2024, 19.00, Vinyl Club, Klatovsk\u00e1 t\u0159\u00edda, Plze\u0148: koncert L. J. s kapelou&nbsp;<b>Folimanka Blues<\/b><\/span><\/p>\n<p><span style=\"color: #666699;\">11. 05. 2024, 10.00 \u2013&nbsp;Pivovar Na Rycht\u011b, \u00dast\u00ed nad Labem, L. J., v&nbsp;degusta\u010dn\u00ed porot\u011b sout\u011b\u017ee&nbsp;<b>\u00dasteck\u00e9ho pivn\u00edho jarmarku<\/b><\/span><\/p>\n<p><span style=\"color: #666699;\">10. 05. 2024, 14.00 \u2013&nbsp;Pivovar Na Rycht\u011b, \u00dast\u00ed nad Labem, L. J., v&nbsp;degusta\u010dn\u00ed porot\u011b sout\u011b\u017ee&nbsp;<b>Piva \u00dasteck\u00e9ho kraje<\/b><\/span><\/p>\n<p><span style=\"color: #666699;\">07. 05. 2024, 19.00 \u2013&nbsp;<b>Prvn\u00ed Pivn\u00ed Tramway<\/b>, p\u00e1t\u00e9 kolo degustace \u010desk\u00fdch tov\u00e1rn\u00edch le\u017e\u00e1k\u016f&nbsp;<b>Prvn\u00ed pivn\u00ed extraligy<\/b>&nbsp;pro rok 2024<\/span><\/p>\n<p><span style=\"color: #666699;\">25. 04. 2024, 18.00 \u2013&nbsp;<b>Radio Prostor<\/b>, L. J. hostem po\u0159adu Prostor pro dva M. Stoni\u0161e<\/span><\/p>\n<p><span style=\"color: #666699;\">24. 04. 2024, 19.00 \u2013&nbsp;<b>Prvn\u00ed Pivn\u00ed Tramway<\/b>, \u010dtvrt\u00e9 kolo degustace \u010desk\u00fdch tov\u00e1rn\u00edch le\u017e\u00e1k\u016f&nbsp;<b>Prvn\u00ed pivn\u00ed extraligy<\/b>&nbsp;pro rok 2024<\/span><\/p>\n<p><span style=\"color: #666699;\">20. 04. 2024, 12.00 \u2013&nbsp;V\u00fdstavi\u0161t\u011b Zahrada \u010cech, Litom\u011b\u0159ice, L. J. na Mezin\u00e1rodn\u00edm pivn\u00edm festivalu a vyhl\u00e1\u0161en\u00ed sout\u011b\u017ee Zlat\u00e1 pivn\u00ed pe\u010de\u0165<\/span><\/p>\n<p><span style=\"color: #666699;\">09. 04. 2024, 19.00 \u2013 <b>Prvn\u00ed Pivn\u00ed Tramway<\/b>, t\u0159et\u00ed kolo degustace \u010desk\u00fdch tov\u00e1rn\u00edch le\u017e\u00e1k\u016f <b>Prvn\u00ed pivn\u00ed extraligy<\/b>&nbsp;pro rok 2024<\/span><\/p>\n<p><span style=\"color: #666699;\">06. 04. 2024, 12.00 \u2013 Z\u00e1mek Litomy\u0161l, L. J., v porot\u011b degustace n\u00e1rodn\u00ed sout\u011b\u017ee Litomy\u0161lsk\u00fd korbel<\/span><\/p>\n<p><span style=\"color: #666699;\">26. 3. 2024, 19.00 \u2013&nbsp;<b>Prvn\u00ed Pivn\u00ed Tramway<\/b>, druh\u00e9 kolo degustace \u010desk\u00fdch tov\u00e1rn\u00edch le\u017e\u00e1k\u016f&nbsp;<b>Prvn\u00ed pivn\u00ed extraligy<\/b>&nbsp;pro rok 2024<\/span><\/p>\n<p><span style=\"color: #666699;\">25. 3. 2024, 13.00,&nbsp;K\u0159i\u017e\u00edkovy pavilony, V\u00fdstavi\u0161t\u011b Praga \u2013 Hole\u0161ovice:&nbsp;<b>L. J.<\/b>&nbsp;v&nbsp;diskusi na t\u00e9ma \u201eKam se pod\u011bla tradi\u010dn\u00ed \u010desk\u00e1 hospoda a kam se budou pivn\u00ed podniky a kultura pit\u00ed piva d\u00e1le ub\u00edrat\u201c v&nbsp;r\u00e1mci&nbsp;<b>Prague Bar Show<\/b><\/span><\/p>\n<p>22. 03. 2024, 18.00 \u2013&nbsp;Pivovarsk\u00fd dv\u016fr, Zv\u00edkovsk\u00e9 Podhrad\u00ed: L. J. v&nbsp;porot\u011b degusta\u010dn\u00ed sout\u011b\u017ee Jarn\u00ed cena \u010desk\u00fdch sl\u00e1dk\u016f<\/p>\n<p><span style=\"color: #666699;\">18. 03. 2024, 12.00 \u2013&nbsp;Pivovar Velk\u00e9 B\u0159ezno: L. J. p\u0159ed\u00e1v\u00e1 ocen\u011bn\u00ed za v\u00edt\u011bzstv\u00ed le\u017e\u00e1ku B\u0159ez\u0148\u00e1k za v\u00edt\u011bzstv\u00ed ve 14. ro\u010dn\u00edku degustace \u010desk\u00fdch tov\u00e1rn\u00edch le\u017e\u00e1k\u016f&nbsp;<b>Prvn\u00ed pivn\u00ed extraligy.<\/b><\/span><\/p>\n<p><span style=\"color: #666699;\">14. 03. 2024, 10.00 \u2013 Rozhovor L. J. pro blog Tom\u00e1\u0161e Lukavce Z\u00e1kony bohatstv\u00ed na YouTube<\/span><\/p>\n<p><span style=\"color: #666699;\">12. 3. 2024, 19.00 \u2013&nbsp;<b>Prvn\u00ed Pivn\u00ed Tramway<\/b>, prvn\u00ed kolo degustace \u010desk\u00fdch tov\u00e1rn\u00edch le\u017e\u00e1k\u016f&nbsp;<b>Prvn\u00ed pivn\u00ed extraligy<\/b>&nbsp;pro rok 2024<\/span><\/p>\n<p><span style=\"color: #666699;\">11. 03. 2024, 18.00 &#8211; Rozhovor L. J. pro R\u00e1dio Xaver na t\u00e9ma &#8222;M\u00e9dia&#8220;<\/span><\/p>\n<p><span style=\"color: #666699;\">28. 02. 2024, 19.30, Vagon, N\u00e1rodn\u00ed t\u0159\u00edda: L. J. s kapelou Folimanka Blues vystoup\u00ed na Cimrfestu, koncert\u011b pro muzikanty, kte\u0159\u00ed u\u017e nejsou mezi n\u00e1mi<\/span><\/p>\n<p><span style=\"color: #666699;\">22. 02. 2024, 14.00, R\u00e1dio Prostor: rozhovor L. J. Mark\u00e9tou \u0160ichta\u0159ovou v po\u0159adu Prostor pro dva<\/span><\/p>\n<p><span style=\"color: #666699;\">01. 02. 2024, 11.00, Pivovar Regent, T\u0159ebo\u0148 \u2013 L. J. p\u0159ed\u00e1v\u00e1 pivovaru&nbsp;<b>Regent<\/b>&nbsp;cenu za v\u00edt\u011bzstv\u00ed zdej\u0161\u00edho le\u017e\u00e1ku v&nbsp;degusta\u010dn\u00ed sout\u011b\u017ei \u010cesko-slovensk\u00e9 Superfin\u00e1le&nbsp;<b>Prvn\u00ed pivn\u00ed extraligy<\/b><\/span><\/p>\n","protected":false},"excerpt":{"rendered":"<p>31. 12. 2024, 22.30 \u2013&nbsp;Televize XTV, L. J. hostem silvestrovsk\u00e9ho po\u0159adu XTV 17. 12. 2024, 19.30 \u2013&nbsp;Na Slamn\u00edku, Bubene\u010d: koncert rockov\u00e9 kapely&nbsp;Folimanka Blues 12. 12. 2024, 18.30 \u2013&nbsp;Novotn\u00e9ho l\u00e1vka, Star\u00e9 M\u011bsto: L. J. v&nbsp;panelu ve\u0159ejn\u00e9 diskuse&nbsp;Mus\u00edme v&nbsp;21. stolet\u00ed platit \u010cT a \u010cRo?&nbsp;&nbsp; 07. 12. 2024, 14.00 \u2013&nbsp;Prvn\u00ed Pivn\u00ed Tramway, Spo\u0159ilov: L. J. v&nbsp;porot\u011b degustace&nbsp;Prvn\u00ed pivn\u00ed [&hellip;]<\/p>\n","protected":false},"author":1,"featured_media":0,"parent":0,"menu_order":0,"comment_status":"closed","ping_status":"closed","template":"","meta":{"ngg_post_thumbnail":0,"footnotes":""},"class_list":["post-15011","page","type-page","status-publish","hentry"],"_links":{"self":[{"href":"https:\/\/www.ladislavjakl.cz\/index.php?rest_route=\/wp\/v2\/pages\/15011","targetHints":{"allow":["GET"]}}],"collection":[{"href":"https:\/\/www.ladislavjakl.cz\/index.php?rest_route=\/wp\/v2\/pages"}],"about":[{"href":"https:\/\/www.ladislavjakl.cz\/index.php?rest_route=\/wp\/v2\/types\/page"}],"author":[{"embeddable":true,"href":"https:\/\/www.ladislavjakl.cz\/index.php?rest_route=\/wp\/v2\/users\/1"}],"replies":[{"embeddable":true,"href":"https:\/\/www.ladislavjakl.cz\/index.php?rest_route=%2Fwp%2Fv2%2Fcomments&post=15011"}],"version-history":[{"count":3,"href":"https:\/\/www.ladislavjakl.cz\/index.php?rest_route=\/wp\/v2\/pages\/15011\/revisions"}],"predecessor-version":[{"id":15014,"href":"https:\/\/www.ladislavjakl.cz\/index.php?rest_route=\/wp\/v2\/pages\/15011\/revisions\/15014"}],"wp:attachment":[{"href":"https:\/\/www.ladislavjakl.cz\/index.php?rest_route=%2Fwp%2Fv2%2Fmedia&parent=15011"}],"curies":[{"name":"wp","href":"https:\/\/api.w.org\/{rel}","templated":true}]}}