{"id":1888,"date":"2012-05-29T10:53:52","date_gmt":"2012-05-29T08:53:52","guid":{"rendered":"http:\/\/www.ladislavjakl.cz\/?page_id=1888"},"modified":"2026-01-12T15:00:19","modified_gmt":"2026-01-12T14:00:19","slug":"co-se-deje-archiv","status":"publish","type":"page","link":"https:\/\/www.ladislavjakl.cz\/?page_id=1888","title":{"rendered":"Co se d\u011bje &#8211; archiv"},"content":{"rendered":"<p><a href=\"https:\/\/www.ladislavjakl.cz\/?page_id=15011\">Archiv rubriky &#8222;Co se d\u011bje&#8220; &#8211; rok 2024<\/a><\/p>\n<p><a href=\"https:\/\/www.ladislavjakl.cz\/?page_id=14530\">Archiv rubriky &#8222;Co se d\u011bje&#8220; &#8211; rok 2023<\/a><\/p>\n<p><a href=\"https:\/\/www.ladislavjakl.cz\/?page_id=13963\">Archiv rubriky &#8222;Co se d\u011bje&#8220; &#8211; rok 2022<\/a><\/p>\n<p><a href=\"https:\/\/www.ladislavjakl.cz\/?page_id=13203\">Archiv rubriky &#8222;Co se d\u011bje&#8220; &#8211; rok 2021<\/a><\/p>\n<p><a href=\"https:\/\/www.ladislavjakl.cz\/?page_id=12514\">Archiv rubriky &#8222;Co se d\u011bje&#8220; &#8211; rok 2020<\/a><\/p>\n<p><a href=\"https:\/\/www.ladislavjakl.cz\/?page_id=11998\">Archiv rubriky &#8222;Co se d\u011bje&#8220; &#8211; rok 2019<\/a><\/p>\n<p><a href=\"https:\/\/www.ladislavjakl.cz\/?page_id=10783\">Archiv rubriky &#8222;Co se d\u011bje&#8220; &#8211; rok 2018<\/a><\/p>\n<p><a href=\"https:\/\/www.ladislavjakl.cz\/?page_id=9712\">Archiv rubriky &#8222;Co se d\u011bje&#8220; &#8211; rok 2017<\/a><\/p>\n<p><a href=\"https:\/\/www.ladislavjakl.cz\/?page_id=8149\">Archiv rubriky &#8222;Co se d\u011bje&#8220; &#8211; rok 2016<\/a><\/p>\n<p><a href=\"https:\/\/www.ladislavjakl.cz\/?page_id=7465\">Archiv rubriky &#8222;Co se d\u011bje&#8220; &#8211; rok 2015<\/a><\/p>\n<p><a href=\"https:\/\/www.ladislavjakl.cz\/?page_id=6338\">Archiv rubriky &#8222;Co se d\u011bje&#8220; &#8211; rok 2014<\/a><\/p>\n<p><a href=\"https:\/\/www.ladislavjakl.cz\/?page_id=5384\">Archiv rubriky &#8222;Co se d\u011bje&#8220; &#8211; rok 2013<\/a><\/p>\n<p><a href=\"https:\/\/www.ladislavjakl.cz\/?page_id=4577\" target=\"_self\" rel=\"noopener\">Archiv rubriky &#8222;Co se d\u011bje&#8220; &#8211; rok 2012<\/a><\/p>\n<p><a href=\"https:\/\/www.ladislavjakl.cz\/?page_id=3105\" target=\"_self\" rel=\"noopener\">Archiv rubriky &#8222;Co se d\u011bje&#8220; &#8211; rok 2011<\/a><\/p>\n<p><a href=\"https:\/\/www.ladislavjakl.cz\/?page_id=3099\" target=\"_self\" rel=\"noopener\">Archiv rubriky &#8222;Co se d\u011bje&#8220; &#8211; rok 2010<\/a><\/p>\n","protected":false},"excerpt":{"rendered":"<p>Archiv rubriky &#8222;Co se d\u011bje&#8220; &#8211; rok 2024 Archiv rubriky &#8222;Co se d\u011bje&#8220; &#8211; rok 2023 Archiv rubriky &#8222;Co se d\u011bje&#8220; &#8211; rok 2022 Archiv rubriky &#8222;Co se d\u011bje&#8220; &#8211; rok 2021 Archiv rubriky &#8222;Co se d\u011bje&#8220; &#8211; rok 2020 Archiv rubriky &#8222;Co se d\u011bje&#8220; &#8211; rok 2019 Archiv rubriky &#8222;Co se d\u011bje&#8220; &#8211; rok [&hellip;]<\/p>\n","protected":false},"author":1,"featured_media":0,"parent":0,"menu_order":0,"comment_status":"open","ping_status":"open","template":"","meta":{"ngg_post_thumbnail":0,"footnotes":""},"class_list":["post-1888","page","type-page","status-publish","hentry"],"_links":{"self":[{"href":"https:\/\/www.ladislavjakl.cz\/index.php?rest_route=\/wp\/v2\/pages\/1888","targetHints":{"allow":["GET"]}}],"collection":[{"href":"https:\/\/www.ladislavjakl.cz\/index.php?rest_route=\/wp\/v2\/pages"}],"about":[{"href":"https:\/\/www.ladislavjakl.cz\/index.php?rest_route=\/wp\/v2\/types\/page"}],"author":[{"embeddable":true,"href":"https:\/\/www.ladislavjakl.cz\/index.php?rest_route=\/wp\/v2\/users\/1"}],"replies":[{"embeddable":true,"href":"https:\/\/www.ladislavjakl.cz\/index.php?rest_route=%2Fwp%2Fv2%2Fcomments&post=1888"}],"version-history":[{"count":21,"href":"https:\/\/www.ladislavjakl.cz\/index.php?rest_route=\/wp\/v2\/pages\/1888\/revisions"}],"predecessor-version":[{"id":15015,"href":"https:\/\/www.ladislavjakl.cz\/index.php?rest_route=\/wp\/v2\/pages\/1888\/revisions\/15015"}],"wp:attachment":[{"href":"https:\/\/www.ladislavjakl.cz\/index.php?rest_route=%2Fwp%2Fv2%2Fmedia&parent=1888"}],"curies":[{"name":"wp","href":"https:\/\/api.w.org\/{rel}","templated":true}]}}