{"id":6338,"date":"2016-01-20T10:51:41","date_gmt":"2016-01-20T09:51:41","guid":{"rendered":"http:\/\/www.ladislavjakl.cz\/?page_id=6338"},"modified":"2016-01-20T10:51:41","modified_gmt":"2016-01-20T09:51:41","slug":"archiv-rubriky-co-se-deje-rok-2014","status":"publish","type":"page","link":"https:\/\/www.ladislavjakl.cz\/?page_id=6338","title":{"rendered":"Archiv rubriky \u201cCo se d\u011bje\u201d \u2013 rok 2014"},"content":{"rendered":"<p><span style=\"color: #808080;\">18.12.14. 21:45 Radio\u017eurn\u00e1l: L. J. k 3. v\u00fdro\u010d\u00ed \u00famrt\u00ed V\u00e1clava Havla.<\/span><\/p>\n<p><span style=\"color: #808080;\">17.12.14. 18.55 hodin: klub U Star\u00e9 pan\u00ed, Michalsk\u00e1 ul., Pha 1 &#8211; Rockov\u00fd \u00fa\u010det (party k 55. narozenin\u00e1m L. J.)<\/span><\/p>\n<p><span style=\"color: #808080;\">06.12.14. 14:00 KD Mlejn, L. J. v porot\u011b fin\u00e1le sout\u011b\u017ee rockov\u00fdch kapel Skute\u010dn\u00e1 liga<\/span><\/p>\n<p><span style=\"color: #808080;\">04.12.14. 17:00 hodin, Pivovar U Flek\u016f: L. J. na\u00a0Slavnostn\u00edm vyhl\u00e1\u0161en\u00ed\u00a0V\u00fdro\u010dn\u00edch cen m\u011bs\u00ed\u010dn\u00edku\u00a0Pivo, Bier &amp; Ale<\/span><\/p>\n<p><span style=\"color: #808080;\">02.12.14. 19:00 <a style=\"color: #808080;\" href=\"http:\/\/www.prvnipivnitramway.cz\/\" target=\"_blank\">Prvn\u00ed Pivn\u00ed Tramway<\/a>, <a style=\"color: #808080;\" href=\"http:\/\/www.prvnipivniextraliga.cz\/\" target=\"_blank\">Prvn\u00ed Pivn\u00ed Extraliga<\/a>, Slovensk\u00e9 fin\u00e1le: ofici\u00e1ln\u00ed degustace slovensk\u00fdch le\u017e\u00e1k\u016f.<\/span><\/p>\n<p><span style=\"color: #808080;\">29.11.14. Cvikov, Pivovar, koncert <a style=\"color: #808080;\" href=\"http:\/\/www.folimankablues.cz\/\" target=\"_blank\">Folimanka Blues.<\/a><\/span><\/p>\n<p><span style=\"color: #808080;\">20.11.14. 22:20 L. J. \u017eiv\u011b v po\u0159adu Ud\u00e1losti, koment\u00e1\u0159e na \u010cT24.<\/span><\/p>\n<p><span style=\"color: #808080;\">20.11.14. 17:00 Galerie Portheimka, Praha \u2013 Sm\u00edchov: L. J. na prezentaci publikace M\u00e9diokracie<\/span><\/p>\n<p><span style=\"color: #888888;\">13.11.14. 16:00 hotel Pyramida: L. J. mezi panelisty semin\u00e1\u0159e IVK &#8222;Kon\u010d\u00ed polistopadov\u00e1 \u00e9ra?&#8220;<\/span><\/p>\n<p><span style=\"color: #888888;\">06.11.14. 11:00 \u00dan\u011btick\u00fd pivovar: L. J. na Slavnostn\u00edm vyhl\u00e1\u0161en\u00ed cen za rok 2014 Sdru\u017een\u00ed p\u0159\u00e1tel piva<\/span><\/p>\n<p><span style=\"color: #888888;\">04.11.14. 19:00 <a href=\"http:\/\/www.prvnipivnitramway.cz\/\" target=\"_blank\">Prvn\u00ed Pivn\u00ed Tramway<\/a>, <a href=\"http:\/\/www.prvnipivniextraliga.cz\/\" target=\"_blank\">Prvn\u00ed Pivn\u00ed Extraliga<\/a>, fin\u00e1le 5. ro\u010dn\u00edku ofici\u00e1ln\u00ed degustace \u010desk\u00fdch le\u017e\u00e1k\u016f.<\/span><\/p>\n<p><span style=\"color: #888888;\">23.10.14. SP\u0160 stavebn\u00ed, \u010cesk\u00e9 Bud\u011bjovice: L. J. na konferenci D\u016fm a energie a jak d\u00e1l na planet\u011b Zemi<\/span><\/p>\n<p><span style=\"color: #888888;\">07.10.14. 19:00\u00a0<a href=\"http:\/\/www.prvnipivnitramway.cz\/\" target=\"_blank\">Prvn\u00ed Pivn\u00ed Tramway<\/a>,\u00a0<a href=\"http:\/\/www.prvnipivniextraliga.cz\/\" target=\"_blank\">Prvn\u00ed Pivn\u00ed Extraliga<\/a>, 2. semifin\u00e1le 5. ro\u010dn\u00edku ofici\u00e1ln\u00ed degustace \u010desk\u00fdch le\u017e\u00e1k\u016f.<\/span><\/p>\n<p><span style=\"color: #888888;\">23.09.14. 19:00 <a href=\"http:\/\/www.prvnipivnitramway.cz\/\" target=\"_blank\">Prvn\u00ed Pivn\u00ed Tramway<\/a>, <a href=\"http:\/\/www.prvnipivniextraliga.cz\/\" target=\"_blank\">Prvn\u00ed Pivn\u00ed Extraliga<\/a>, 1. semifin\u00e1le 5. ro\u010dn\u00edku ofici\u00e1ln\u00ed degustace \u010desk\u00fdch le\u017e\u00e1k\u016f.<\/span><\/p>\n<p><span style=\"color: #999999;\">28.08.14. 11:00 <a href=\"http:\/\/www.prvnipivniextraliga.cz\/\" target=\"_blank\">Prvn\u00ed Pivn\u00ed Extraliga<\/a>: \u010cesko-slovensk\u00e9 fin\u00e1le o nejlep\u0161\u00ed le\u017e\u00e1k v <a href=\"http:\/\/www.prvnipivnitramway.cz\/\" target=\"_blank\">Prvn\u00ed Pivn\u00ed Tramway<\/a>.<\/span><\/p>\n<p><span style=\"color: #888888;\">15.07.14. 19:00 <a href=\"http:\/\/www.prvnipivnitramway.cz\/\" target=\"_blank\">Prvn\u00ed Pivn\u00ed Tramway<\/a>, <a href=\"http:\/\/www.prvnipivniextraliga.cz\/\" target=\"_blank\">Prvn\u00ed Pivn\u00ed Extraliga<\/a>, degustace tmav\u00fdch le\u017e\u00e1k\u016f.<\/span><\/p>\n<p><span style=\"color: #888888;\">20.06.14. \u010cervoto\u010d, Strakonice, koncert\u00a0<a href=\"http:\/\/www.folimankablues.cz\/\" target=\"_blank\">Folimanka Blues.<\/a><\/span><\/p>\n<p><span style=\"color: #888888;\">18.06.14. <a href=\"http:\/\/modravopice.eu\/\" target=\"_blank\">Modr\u00e1 Vopice<\/a>, Praha, koncert <a href=\"http:\/\/www.folimankablues.cz\/\" target=\"_blank\">Folimanka Blues.<\/a><\/span><\/p>\n<p><span style=\"color: #888888;\">20.05.14. 19:00\u00a0<a href=\"http:\/\/www.prvnipivnitramway.cz\/\" target=\"_blank\">Prvn\u00ed Pivn\u00ed Tramway<\/a>,\u00a0<a href=\"http:\/\/www.prvnipivniextraliga.cz\/\" target=\"_blank\">Prvn\u00ed Pivn\u00ed Extraliga<\/a>, 5. kolo 5. ro\u010dn\u00edku ofici\u00e1ln\u00ed degustace \u010desk\u00fdch le\u017e\u00e1k\u016f.<\/span><\/p>\n<p><span style=\"color: #888888;\">06.05.14. 19:00\u00a0<a href=\"http:\/\/www.prvnipivnitramway.cz\/\" target=\"_blank\">Prvn\u00ed Pivn\u00ed Tramway<\/a>,\u00a0<a href=\"http:\/\/www.prvnipivniextraliga.cz\/\" target=\"_blank\">Prvn\u00ed Pivn\u00ed Extraliga<\/a>, 4. kolo 5. ro\u010dn\u00edku ofici\u00e1ln\u00ed degustace \u010desk\u00fdch le\u017e\u00e1k\u016f.<\/span><\/p>\n<p><span style=\"color: #888888;\">25.04.14 18:00 \u010cesk\u00fd rozhlas Brno: L.J. v po\u0159adu Co vy na to?<\/span><\/p>\n<p><span style=\"color: #888888;\">22.04.14. 19:00\u00a0<a href=\"http:\/\/www.prvnipivnitramway.cz\/\" target=\"_blank\">Prvn\u00ed Pivn\u00ed Tramway<\/a>,\u00a0<a href=\"http:\/\/www.prvnipivniextraliga.cz\/\" target=\"_blank\">Prvn\u00ed Pivn\u00ed Extraliga<\/a>, 3. kolo 5. ro\u010dn\u00edku ofici\u00e1ln\u00ed degustace \u010desk\u00fdch le\u017e\u00e1k\u016f.<\/span><\/p>\n<p><span style=\"color: #888888;\">15.04.14. 18:00 Centrum sou\u010dasn\u00e9ho um\u011bn\u00ed DOX, Poup\u011btova 1, Praha 7 &#8211; Ladislav Jakl v Masarykov\u00fdch debat\u00e1ch na t\u00e9ma &#8222;Potvrzuje Krymsk\u00e1 krize, \u017ee Evropa nutn\u011b pot\u0159ebuje integrovan\u011bj\u0161\u00ed zahrani\u010dn\u00ed a bezpe\u010dnostn\u00ed politiku EU?&#8220;<\/span><\/p>\n<p><span style=\"color: #888888;\">14.04.14. <a href=\"http:\/\/uprincemiroslava.eu\/\" target=\"_blank\">U Prince Miroslava<\/a>, Praha, koncert\u00a0<a href=\"http:\/\/www.folimankablues.cz\/\" target=\"_blank\">Folimanka Blues.<\/a><\/span><\/p>\n<p><span style=\"color: #888888;\">11.04.14. Labe, Ho\u0159ovice, koncert <a href=\"http:\/\/www.folimankablues.cz\/\" target=\"_blank\">Folimanka Blues.<\/a><\/span><\/p>\n<p><span style=\"color: #888888;\">08.04.14. 19:00\u00a0<a href=\"http:\/\/www.prvnipivnitramway.cz\/\" target=\"_blank\">Prvn\u00ed Pivn\u00ed Tramway<\/a>,\u00a0<a href=\"http:\/\/www.prvnipivniextraliga.cz\/\" target=\"_blank\">Prvn\u00ed Pivn\u00ed Extraliga<\/a>, 2. kolo 5. ro\u010dn\u00edku ofici\u00e1ln\u00ed degustace \u010desk\u00fdch le\u017e\u00e1k\u016f.<\/span><\/p>\n<p><span style=\"color: #888888;\">26.03.14. 19:00 <a href=\"http:\/\/www.prvnipivnitramway.cz\/\" target=\"_blank\">Prvn\u00ed Pivn\u00ed Tramway<\/a>, <a href=\"http:\/\/www.prvnipivniextraliga.cz\/\" target=\"_blank\">Prvn\u00ed Pivn\u00ed Extraliga<\/a>, 1. kolo 5. ro\u010dn\u00edku ofici\u00e1ln\u00ed degustace \u010desk\u00fdch le\u017e\u00e1k\u016f.<\/span><\/p>\n<p><span style=\"color: #888888;\">01.03.14. Star\u00e1 Mydl\u00e1rna, M\u011bln\u00edk, koncert\u00a0<a href=\"http:\/\/www.folimankablues.cz\/\" target=\"_blank\">Folimanka Blues.<\/a><\/span><\/p>\n<p><span style=\"color: #888888;\">28.02.14. CIMRFEST 2014, N\u00e1rodn\u00ed t\u0159\u00edda 25, Praha 1, koncert <a href=\"http:\/\/www.folimankablues.cz\/\" target=\"_blank\">Folimanka Blues.<\/a><\/span><\/p>\n<p><span style=\"color: #808080;\">25.01.14. 19:30 Voko Most, koncert skupiny\u00a0<a href=\"http:\/\/www.folimankablues.cz\/\" target=\"_blank\">Folimanka Blues<\/a>.<\/span><\/p>\n<p><span style=\"color: #888888;\">09.01.14. 11:00 Institut V\u00e1clava Klause: vystoupen\u00ed L. J. na prezentaci knihy Korupce &#8211; Ekonomie vs. m\u00fdty<\/span><\/p>\n","protected":false},"excerpt":{"rendered":"<p>18.12.14. 21:45 Radio\u017eurn\u00e1l: L. J. k 3. v\u00fdro\u010d\u00ed \u00famrt\u00ed V\u00e1clava Havla. 17.12.14. 18.55 hodin: klub U Star\u00e9 pan\u00ed, Michalsk\u00e1 ul., Pha 1 &#8211; Rockov\u00fd \u00fa\u010det (party k 55. narozenin\u00e1m L. J.) 06.12.14. 14:00 KD Mlejn, L. J. v porot\u011b fin\u00e1le sout\u011b\u017ee rockov\u00fdch kapel Skute\u010dn\u00e1 liga 04.12.14. 17:00 hodin, Pivovar U Flek\u016f: L. J. na\u00a0Slavnostn\u00edm vyhl\u00e1\u0161en\u00ed\u00a0V\u00fdro\u010dn\u00edch [&hellip;]<\/p>\n","protected":false},"author":1,"featured_media":0,"parent":0,"menu_order":0,"comment_status":"open","ping_status":"open","template":"","meta":{"ngg_post_thumbnail":0,"footnotes":""},"class_list":["post-6338","page","type-page","status-publish","hentry"],"_links":{"self":[{"href":"https:\/\/www.ladislavjakl.cz\/index.php?rest_route=\/wp\/v2\/pages\/6338","targetHints":{"allow":["GET"]}}],"collection":[{"href":"https:\/\/www.ladislavjakl.cz\/index.php?rest_route=\/wp\/v2\/pages"}],"about":[{"href":"https:\/\/www.ladislavjakl.cz\/index.php?rest_route=\/wp\/v2\/types\/page"}],"author":[{"embeddable":true,"href":"https:\/\/www.ladislavjakl.cz\/index.php?rest_route=\/wp\/v2\/users\/1"}],"replies":[{"embeddable":true,"href":"https:\/\/www.ladislavjakl.cz\/index.php?rest_route=%2Fwp%2Fv2%2Fcomments&post=6338"}],"version-history":[{"count":1,"href":"https:\/\/www.ladislavjakl.cz\/index.php?rest_route=\/wp\/v2\/pages\/6338\/revisions"}],"predecessor-version":[{"id":6339,"href":"https:\/\/www.ladislavjakl.cz\/index.php?rest_route=\/wp\/v2\/pages\/6338\/revisions\/6339"}],"wp:attachment":[{"href":"https:\/\/www.ladislavjakl.cz\/index.php?rest_route=%2Fwp%2Fv2%2Fmedia&parent=6338"}],"curies":[{"name":"wp","href":"https:\/\/api.w.org\/{rel}","templated":true}]}}