{"id":7465,"date":"2017-01-03T09:38:06","date_gmt":"2017-01-03T08:38:06","guid":{"rendered":"http:\/\/www.ladislavjakl.cz\/?page_id=7465"},"modified":"2017-01-03T09:38:06","modified_gmt":"2017-01-03T08:38:06","slug":"archiv-rubriky-co-se-deje-rok-2015","status":"publish","type":"page","link":"https:\/\/www.ladislavjakl.cz\/?page_id=7465","title":{"rendered":"Archiv rubriky \u201eCo se d\u011bje\u201c \u2013 rok 2015"},"content":{"rendered":"<p><span style=\"color: #808080;\">12.12.15. 15.00 KD Mlejn, Stod\u016fky: L. J. v porot\u011b fin\u00e1le sout\u011b\u017ee kapel Skute\u010dn\u00e1 liga<\/span><\/p>\n<p><span style=\"color: #808080;\">06.12.15. 20.00 Slamn\u00edk, Praha, koncert Folimanka Blues<\/span><\/p>\n<p><span style=\"color: #808080;\">05.12.15. 20.00 D\u00e9\u010dko, Cheb, koncert Folimanka Blues<\/span><\/p>\n<p><span style=\"color: #808080;\">02.12.15. 18.00 Pivovar U Flek\u016f, Pha 2: L. J. na Slavnostn\u00edm vyhl\u00e1\u0161en\u00ed V\u00fdro\u010dn\u00edch cen m\u011bs\u00ed\u010dn\u00edku Pivo, Bier &amp; Ale<\/span><\/p>\n<p><span style=\"color: #808080;\">01.12.15. 19:00 Prvn\u00ed Pivn\u00ed Tramway, Prvn\u00ed Pivn\u00ed Extraliga, FIN\u00c1LE Slovensk\u00fd le\u017e\u00e1k<\/span><\/p>\n<p><span style=\"color: #808080;\">19.11.15. 11:00 Pivovar Lindr, M\u017eany: L. J. na Slavnostn\u00edm vyhl\u00e1\u0161en\u00ed cen Spolku p\u0159\u00e1tel piva<\/span><\/p>\n<p><span style=\"color: #808080;\">18.11.15. 19:00 Prvn\u00ed Pivn\u00ed Tramway, Prvn\u00ed Pivn\u00ed Extraliga, FIN\u00c1LE \u010cesk\u00fd le\u017e\u00e1k<\/span><\/p>\n<p><span style=\"color: #808080;\">28.10.15. 14:00 V\u00e1clavsk\u00e9 n\u00e1m\u011bst\u00ed: L. J. na demonstraci za svobodu podnik\u00e1n\u00ed a proti \u0161ikan\u011b \u017eivnostn\u00edk\u016f<\/span><\/p>\n<p><span style=\"color: #808080;\">26.10.15. 09:30 L. J. hostem po\u0159adu Pro a proti na \u010cesk\u00e9m rozhlase Plus na t\u00e9ma amnestie<\/span><\/p>\n<p><span style=\"color: #808080;\">21.10.15. 19:00 Prvn\u00ed Pivn\u00ed Tramway, Prvn\u00ed Pivn\u00ed Extraliga, 2. semifin\u00e1le \u010cesk\u00fd le\u017e\u00e1k<\/span><\/p>\n<p><span style=\"color: #808080;\">17.10.15. 14:00 Praha, Poho\u0159elec, 22. ro\u010dn\u00edk Memori\u00e1lu Mat\u011bje Kud\u011bje<\/span><\/p>\n<p><span style=\"color: #808080;\">15.10.15. 21:30 L. J. v Po\u0159adu \u010cesk\u00e9 televize M\u00e1te slovo na t\u00e9ma plo\u0161n\u00e9ho z\u00e1kazu kou\u0159en\u00ed v restaurac\u00edch<\/span><\/p>\n<p><span style=\"color: #808080;\">12.10.15. 20:00 2. d\u00edl rozhovoru L. J. na internetov\u00e9m radiu www.radiopatriot.cz<\/span><\/p>\n<p><span style=\"color: #808080;\">06.10.15. 19:00 Prvn\u00ed Pivn\u00ed Tramway, Prvn\u00ed Pivn\u00ed Extraliga, 1. semifin\u00e1le \u010cesk\u00fd le\u017e\u00e1k<\/span><\/p>\n<p><span style=\"color: #808080;\">05.10.15. 20:00 1. d\u00edl rozhovoru L. J. na internetov\u00e9m radiu www.radiopatriot.cz<\/span><\/p>\n<p><span style=\"color: #808080;\">12.09.15. Ro\u017e\u0148ava SK pivovar Kaltenecker, koncert kapely Folimanka Blues<\/span><\/p>\n<p><span style=\"color: #808080;\">08.09.15. 19:00 Prvn\u00ed Pivn\u00ed Tramway, Prvn\u00ed Pivn\u00ed Extraliga, 2. vlo\u017een\u00e1 sout\u011b\u017e<\/span><\/p>\n<p><span style=\"color: #808080;\">22.08.15. \u010cesk\u00fd dub, chata Kov\u00e1\u0159: koncert kapely Folimanka Blues<\/span><\/p>\n<p><span style=\"color: #808080;\">21.08.15. 16:00 V\u00e1clavsk\u00e9 n\u00e1m\u011bst\u00ed, koncert kapely Folimanka Blues v r\u00e1mci festivalu Aby n\u00e1m sny neze\u0161edly.<\/span><\/p>\n<p><span style=\"color: #808080;\">14.07.15. 19:00 Prvn\u00ed Pivn\u00ed Tramway, Prvn\u00ed Pivn\u00ed Extraliga, 1. vlo\u017een\u00e1 sout\u011b\u017e<\/span><\/p>\n<p><span style=\"color: #808080;\">11.07.15. 19:30 L\u00e1zn\u011b Libverda, Stodola, KONCERT Folimanka Blues<\/span><\/p>\n<p><span style=\"color: #808080;\">20.06.15 19:00 Blues festival Terasa, Neratovice, KONCERT Folimanka Blues<\/span><\/p>\n<p><span style=\"color: #808080;\">18-19.06.15 Magister Kelley, Rejskova 3, Pha 2, oslava 20. v\u00fdro\u010d\u00ed zrozen\u00ed slavn\u00e9ho pivn\u00edho baru MK<\/span><\/p>\n<p><span style=\"color: #808080;\">12.-13.06.15 L.J. na festivalu Pivo na Hrad<\/span><\/p>\n<p><span style=\"color: #808080;\">05.06.15. 14:00 Bar\u00e1\u010dnick\u00e1 Rychta, Mal\u00e1 Strana: Slavnost k 25. v\u00fdro\u010d\u00ed Sdru\u017een\u00ed p\u0159\u00e1tel piva<\/span><\/p>\n<p><span style=\"color: #808080;\">26.05.15. 19:00 Prvn\u00ed Pivn\u00ed Tramway, Prvn\u00ed Pivn\u00ed Extraliga, \u010cesko-Slovensk\u00e9 superfin\u00e1le<\/span><\/p>\n<p><span style=\"color: #808080;\">18.05.15. 19:30 lo\u010f Kristian Marco Praha &#8211; Nov\u00e9 M\u011bsto, KONCERT Folimanka Blues<\/span><\/p>\n<p><span style=\"color: #808080;\">16.05.15. 19:30 \u010cervoto\u010d, Strakonice, KONCERT Folimanka Blues<\/span><\/p>\n<p><span style=\"color: #808080;\">05.05.15. 19:00 Prvn\u00ed Pivn\u00ed Tramway, Prvn\u00ed Pivn\u00ed Extraliga, 5. kolo 6. ro\u010dn\u00edku ofici\u00e1ln\u00ed degustace \u010desk\u00fdch le\u017e\u00e1k\u016f.<\/span><\/p>\n<p><span style=\"color: #808080;\">29.04.15. 18:00 Strana Svobodn\u00fdch Ob\u010dan\u016f Boh\u00e9msk\u00e1 Hospoda, Pern\u0161t\u00fdnsk\u00e9 n\u00e1m\u011bst\u00ed, Pardubice Beseda s Ladislavem Jaklem<\/span><\/p>\n<p><span style=\"color: #808080;\">07.04.15. 19:00 Prvn\u00ed Pivn\u00ed Tramway, Prvn\u00ed Pivn\u00ed Extraliga, 4. kolo 6. ro\u010dn\u00edku ofici\u00e1ln\u00ed degustace \u010desk\u00fdch le\u017e\u00e1k\u016f.<\/span><\/p>\n<p><span style=\"color: #808080;\">02.04.15. 11:00 Host do domu Ladislav Jakl bude v \u017eiv\u00e9m vys\u00edl\u00e1n\u00ed hostem po\u0159adu Host do domu na Dvojce \u010cesk\u00e9ho rozhlasu.<\/span><\/p>\n<p><span style=\"color: #808080;\">24.03.15. 19:00 Prvn\u00ed Pivn\u00ed Tramway, Prvn\u00ed Pivn\u00ed Extraliga, 3. kolo 6. ro\u010dn\u00edku ofici\u00e1ln\u00ed degustace \u010desk\u00fdch le\u017e\u00e1k\u016f.<\/span><\/p>\n<p><span style=\"color: #808080;\">10.03.15. 19:00 Prvn\u00ed Pivn\u00ed Tramway, Prvn\u00ed Pivn\u00ed Extraliga, 2. kolo 6. ro\u010dn\u00edku ofici\u00e1ln\u00ed degustace \u010desk\u00fdch le\u017e\u00e1k\u016f.<\/span><\/p>\n<p><span style=\"color: #808080;\">28.02.15. CIMRFEST 2015, N\u00e1rodn\u00ed t\u0159\u00edda 25, Praha 1, koncert Folimanka Blues.<\/span><\/p>\n<p><span style=\"color: #808080;\">18.02.15. 10:00 hotel Dvo\u0159\u00e1k, hotel Palc\u00e1t, T\u00e1bor \u2013 L. J. na Slavnostech piva T\u00e1bor<\/span><\/p>\n<p><span style=\"color: #808080;\">10.02.15. 20:30 Prvn\u00ed Pivn\u00ed Tramway, Prvn\u00ed Pivn\u00ed Extraliga, 1. kolo 6. ro\u010dn\u00edku ofici\u00e1ln\u00ed degustace \u010desk\u00fdch le\u017e\u00e1k\u016f.<\/span><\/p>\n<p><span style=\"color: #808080;\">10.02.15. 18:00 Oblastn\u00ed kancel\u00e1\u0159 ODS Praha 7, diskusn\u00ed setk\u00e1n\u00ed s Ladislavem Jaklem. V\u00edce ZDE.<\/span><\/p>\n","protected":false},"excerpt":{"rendered":"<p>12.12.15. 15.00 KD Mlejn, Stod\u016fky: L. J. v porot\u011b fin\u00e1le sout\u011b\u017ee kapel Skute\u010dn\u00e1 liga 06.12.15. 20.00 Slamn\u00edk, Praha, koncert Folimanka Blues 05.12.15. 20.00 D\u00e9\u010dko, Cheb, koncert Folimanka Blues 02.12.15. 18.00 Pivovar U Flek\u016f, Pha 2: L. J. na Slavnostn\u00edm vyhl\u00e1\u0161en\u00ed V\u00fdro\u010dn\u00edch cen m\u011bs\u00ed\u010dn\u00edku Pivo, Bier &amp; Ale 01.12.15. 19:00 Prvn\u00ed Pivn\u00ed Tramway, Prvn\u00ed Pivn\u00ed Extraliga, [&hellip;]<\/p>\n","protected":false},"author":1,"featured_media":0,"parent":0,"menu_order":0,"comment_status":"closed","ping_status":"closed","template":"","meta":{"ngg_post_thumbnail":0,"footnotes":""},"class_list":["post-7465","page","type-page","status-publish","hentry"],"_links":{"self":[{"href":"https:\/\/www.ladislavjakl.cz\/index.php?rest_route=\/wp\/v2\/pages\/7465","targetHints":{"allow":["GET"]}}],"collection":[{"href":"https:\/\/www.ladislavjakl.cz\/index.php?rest_route=\/wp\/v2\/pages"}],"about":[{"href":"https:\/\/www.ladislavjakl.cz\/index.php?rest_route=\/wp\/v2\/types\/page"}],"author":[{"embeddable":true,"href":"https:\/\/www.ladislavjakl.cz\/index.php?rest_route=\/wp\/v2\/users\/1"}],"replies":[{"embeddable":true,"href":"https:\/\/www.ladislavjakl.cz\/index.php?rest_route=%2Fwp%2Fv2%2Fcomments&post=7465"}],"version-history":[{"count":1,"href":"https:\/\/www.ladislavjakl.cz\/index.php?rest_route=\/wp\/v2\/pages\/7465\/revisions"}],"predecessor-version":[{"id":7466,"href":"https:\/\/www.ladislavjakl.cz\/index.php?rest_route=\/wp\/v2\/pages\/7465\/revisions\/7466"}],"wp:attachment":[{"href":"https:\/\/www.ladislavjakl.cz\/index.php?rest_route=%2Fwp%2Fv2%2Fmedia&parent=7465"}],"curies":[{"name":"wp","href":"https:\/\/api.w.org\/{rel}","templated":true}]}}