{"id":8149,"date":"2018-01-10T12:08:17","date_gmt":"2018-01-10T11:08:17","guid":{"rendered":"http:\/\/www.ladislavjakl.cz\/?page_id=8149"},"modified":"2018-01-10T12:08:44","modified_gmt":"2018-01-10T11:08:44","slug":"archiv-rubriky-co-se-deje-rok-2016","status":"publish","type":"page","link":"https:\/\/www.ladislavjakl.cz\/?page_id=8149","title":{"rendered":"Archiv rubriky &#8222;Co se d\u011bje&#8220; &#8211; rok 2016"},"content":{"rendered":"<p>20.12.16. 20:00 &#8211; 23:00: L. J. \u017eiv\u011b v po\u0159adu Rockov\u00e1 zpov\u011bdnice na R\u00e1diu Beat.<\/p>\n<p>13.12.16. 19:00 Prvn\u00ed pivn\u00ed extraliga v Prvn\u00ed pivn\u00ed tramwayi: \u010cesko &#8211; Slovensk\u00e9 Superfin\u00e1le 2016<\/p>\n<p>12.12.16. 18:00 Novotn\u00e9ho l\u00e1vka 5 \u2013 L. J. spolup\u0159edn\u00e1\u0161\u00ed na semin\u00e1\u0159i D. O. S. T. Hovory na pravici na t\u00e9ma 2017: rok kontrarevoluce?<\/p>\n<p>07.12.16. 17:50 Pivn\u00ed Mozaika, K\u0159i\u017e\u00edkova ul, Pha \u2013 Karl\u00edn: L. J. vede ve\u0159ejnou degustaci sv\u011btov\u00fdch piv s v\u00fdkladem<\/p>\n<p>04.12.16. 19:30 Na slamn\u00edku,&nbsp;Praha &#8211; Bubene\u010d, koncert Folimanka Blues<\/p>\n<p>29.11.16. 18.00, Strahovsk\u00fd kl\u00e1\u0161tern\u00ed pivovar Norbert \u2013 L. J. p\u0159ed\u00e1v\u00e1 jednu z&nbsp;v\u00fdro\u010dn\u00edch cen \u010dasopisu Pivo Bier &amp; Ale<\/p>\n<p>22.11.16 19:00 Male\u0161ick\u00fd pivovar \u2013 Nap\u0159\u00ed\u010d pivn\u00ed Amerikou. Pov\u00edd\u00e1n\u00ed L. J. o cest\u00e1ch po americk\u00fdch pivech a pivovarech spojen\u00e9 s&nbsp;komentovanou ochutn\u00e1vkou.<\/p>\n<p>16.11.16. 18.00, Plze\u0148, Dominik\u00e1nsk\u00e1 ul. \u2013 L. J. jedn\u00edm z&nbsp;patron\u016f slavnostn\u00edho otev\u0159en\u00ed Beer Factory<\/p>\n<p>15.11.16. 19:00&nbsp;Prvn\u00ed pivn\u00ed extraliga v Prvn\u00ed pivn\u00ed tramwayi: Fin\u00e1lov\u00e1 degustace 2016, \u010cesk\u00fd le\u017e\u00e1k<\/p>\n<p>14.11.16. 17.00 Autoklub, Opletalova ul., Praha 1 \u2013 L. J. moderuje semin\u00e1\u0159 IVK \u201eFranti\u0161ek Josef I. \u2013 100 let od smrti<\/p>\n<p>09.11.16. 17:10 L. J. \u017eiv\u011b na stanici \u010cesk\u00fd rozhlas Plus k&nbsp;v\u00fdsledku americk\u00fdch prezidentsk\u00fdch voleb<\/p>\n<p>09.11.6. 08:30 L. J. v&nbsp;\u017eiv\u00e9m vys\u00edl\u00e1n\u00ed DVTV na t\u00e9ma americk\u00fdch prezidentsk\u00fdch voleb<\/p>\n<p>05.11.16. 20.00&nbsp;Art club,&nbsp;Opava,&nbsp;koncert Folimanka Blues<\/p>\n<p>04.11.16. 20.00&nbsp;Ka\u0161tan,&nbsp;Praha &#8211; B\u0159evnov,&nbsp; koncert Folimanka Blues<\/p>\n<p>03.11.16. pivovar Albrecht, Fr\u00fddlant \u2013 L. J. p\u0159ed\u00e1v\u00e1 jednu z&nbsp;v\u00fdro\u010dn\u00edch cen Sdru\u017een\u00ed p\u0159\u00e1tel piva<\/p>\n<p>18.10.16. 19.00&nbsp;Prvn\u00ed pivn\u00ed extraliga: 2. semifin\u00e1le 2016 sout\u011b\u017ee \u010cesk\u00fd le\u017e\u00e1k, Prvn\u00ed pivn\u00ed tramway, Praha Spo\u0159ilov<\/p>\n<p>06.10.16. 14.30 Domov senior\u016f, Baasova, Vyso\u010dany \u2013 L. J. hraje a vypr\u00e1v\u00ed senior\u016fm v&nbsp;K\u0159esle pro hosta<\/p>\n<p>05.10.16. 19.00&nbsp;Prvn\u00ed pivn\u00ed extraliga:&nbsp;1. semifin\u00e1le 2016 sout\u011b\u017ee \u010cesk\u00fd le\u017e\u00e1k, Prvn\u00ed pivn\u00ed tramway, Praha Spo\u0159ilov<\/p>\n<p>01.10.16. 20.00 The Loop Jazz Club, Ob\u010dansk\u00e1 plov\u00e1rna, Praha, koncert Folimanka Blues<\/p>\n<p>26.09.16. 19.00 hotel Grand, \u0158evnice \u2013 ve\u0159ejn\u00e1 beseda Ap\u010c na t\u00e9ma Krize rodinn\u00e9 politiky aneb Je mo\u017en\u00e9, aby byl st\u00e1t mor\u00e1ln\u011b neutr\u00e1ln\u00ed? Panelist\u00e9: Petr Hampl, Michal Sem\u00edn, Ladislav Jakl<\/p>\n<p>24.09.16. 19.30 Svatov\u00e1clavsk\u00e9 slavnosti &#8211; N\u00e1m\u011bst\u00ed Svornosti,&nbsp;\u010cesk\u00fd Krumlov,&nbsp;koncert Folimanka Blues<\/p>\n<p>17.09.16. 14.00 Slunce ve skle,&nbsp;Plze\u0148 &#8211; \u010cernice, koncert Folimanka Blues<\/p>\n<p>13.09.16. 17.00 Labsk\u00e1 ba\u0161ta, \u00dast\u00ed nad Labem: setk\u00e1n\u00ed L. J. s&nbsp;deleg\u00e1ty region\u00e1ln\u00edho sn\u011bmu ODS \u00dasteck\u00e9ho kraje<\/p>\n<p>08.09.16. 10.00 Chmela\u0159sk\u00fd institut, \u017datec: prezentace L. J. na t\u00e9ma \u201eCo charakterizuje americk\u00e9 craft pivovary\u201c v&nbsp;r\u00e1mci IV. ro\u010dn\u00edku semin\u00e1\u0159e Degustace piv chmelen\u00fdch r\u016fzn\u00fdmi odr\u016fdami a zp\u016fsoby<\/p>\n<p>25.08.16. 16.00 z\u00e1padn\u00ed \u010d\u00e1st Malostransk\u00e9ho n\u00e1m\u011bst\u00ed: L. J. promluv\u00ed na protestn\u00edm shrom\u00e1\u017ed\u011bn\u00ed spolku \u201eHej ob\u010dan\u00e9\u201c proti politice kancl\u00e9\u0159ky Merkelov\u00e9<\/p>\n<p>24.08.16. 17.50 Pivn\u00ed Mozaika, K\u0159i\u017e\u00edkova ul, Karl\u00edn &#8211; &nbsp;Degustace vybran\u00fdch piv s&nbsp;v\u00fdkladem L. J.<\/p>\n<p>17.07.16. 19.30 (A)void Cafe, N\u00e1plavka pod Jir\u00e1skov\u00fdm mostem: koncert kapely Folimanka Blues.<\/p>\n<p>16.07.16. 19.30 klub Stodola, L\u00e1zn\u011b Libverda: koncert kapely Folimanka Blues.<\/p>\n<p>12.07.16. 19.30 pivovar Golem, Ko\u0161ice: Slovensk\u00e9 fin\u00e1le le\u017e\u00e1k\u016f Prvn\u00ed pivn\u00ed extraligy<\/p>\n<p>22.06.16. 18.00 pivot\u00e9ka Pivn\u00ed mozaika, K\u0159i\u017e\u00edkova ulice, Karl\u00edn degustace v\u00fdjime\u010dn\u00fdch piv s Ladislavem Jaklem<\/p>\n<p>18.06.16. 14.00 Franti\u0161k\u00e1nsk\u00fd kl\u00e1\u0161ter v Kadani: osv\u011btov\u00e9 p\u0159edn\u00e1\u0161ky L. J. o piv\u011b spojen\u00e9 s ochutn\u00e1vkou, konan\u00e9 v r\u00e1mci Kada\u0148sk\u00fdch pivn\u00edch slavnost\u00ed<\/p>\n<p>06.06.16. 18.00 Novotn\u00e9ho l\u00e1vka 5, Praha 1: L. J. mezi panelisty ve\u0159ejn\u00e9ho semin\u00e1\u0159e Akce D. O. S. T. na t\u00e9ma M\u00e9dia ve v\u00edru informa\u010dn\u00ed v\u00e1lky<\/p>\n<p>18.05.16 18.00 pivot\u00e9ka Pivn\u00ed mozaika, K\u0159i\u017e\u00edkova ulice, Karl\u00edn ve\u010der s unik\u00e1tn\u00edmi pivy a zasv\u011bcen\u00fdm v\u00fdkladem pivn\u00edho someli\u00e9ra Ladislava Jakla.<\/p>\n<p>17.05.16. 5. z\u00e1kladn\u00ed kolo Prvn\u00ed Pivn\u00ed Extraligy \u201e\u010cesk\u00fd le\u017e\u00e1k\u201c v Prvn\u00ed Pivn\u00ed Tramway<\/p>\n<p>14.05.16 12.00 K\u0159\u00ed\u017eovnick\u00e9 n\u00e1m\u011bst\u00ed: vystoupen\u00ed L. J. na shrom\u00e1\u017ed\u011bn\u00ed Akce D.O.S.T. k 700. v\u00fdro\u010d\u00ed narozen\u00ed Karla IV.<\/p>\n<p>20. 04.16. 22.35 \u2013 L. J. v po\u0159adu Ud\u00e1losti, koment\u00e1\u0159e \u010cesk\u00e9 televize na t\u00e9ma 25 let ODS<\/p>\n<p>19.04.16. 4. z\u00e1kladn\u00ed kolo Prvn\u00ed Pivn\u00ed Extraligy \u201e\u010cesk\u00fd le\u017e\u00e1k\u201c v Prvn\u00ed Pivn\u00ed Tramway<\/p>\n<p>07.04.16. 09.35 \u2013 L. J. v po\u0159adu Pro a proti na stanici \u010cesk\u00fd rozhlas plus<\/p>\n<p>05.04.16. 3. z\u00e1kladn\u00ed kolo Prvn\u00ed Pivn\u00ed Extraligy \u201e\u010cesk\u00fd le\u017e\u00e1k\u201c v Prvn\u00ed Pivn\u00ed Tramway<\/p>\n<p>29.03.16. 11.00 pivovar Rycht\u00e1\u0159, Hlinsko: L. J. na p\u0159ed\u00e1n\u00ed ocen\u011bn\u00ed v\u00edt\u011bzi 6. ro\u010dn\u00edku Prvn\u00ed Pivn\u00ed Extraligy<\/p>\n<p>22.03.16. 2. z\u00e1kladn\u00ed kolo Prvn\u00ed Pivn\u00ed Extraligy \u201e\u010cesk\u00fd le\u017e\u00e1k\u201c v Prvn\u00ed Pivn\u00ed Tramway<\/p>\n<p>19.03.16. 19.00 \u2013 L. J. p\u0159ed\u00e1v\u00e1 cenu za v\u00edt\u011bzstv\u00ed v kategorii IPA na Jarn\u00ed cen\u011b \u010desk\u00fdch sl\u00e1dk\u016f v Pivovarsk\u00e9m dvo\u0159e Zv\u00edkov<\/p>\n<p>16.03.16. 17.45 Pivn\u00ed mozaika, ve\u0159ejn\u00e1 degustace s v\u00fdkladem L. J.<\/p>\n<p>09.03.16. 17.45 Pivn\u00ed mozaika, ve\u0159ejn\u00e1 degustace s v\u00fdkladem L. J.<\/p>\n<p>07.03.16. 1. z\u00e1kladn\u00ed kolo Prvn\u00ed Pivn\u00ed Extraliga \u201e\u010cesk\u00fd le\u017e\u00e1k\u201c v Prvn\u00ed Pivn\u00ed Tramwayi<\/p>\n<p>02.03.16. 15.00: L. J., hostem \u017eiv\u00e9ho vys\u00edl\u00e1n\u00ed R\u00e1dia S\u00e1zava<\/p>\n<p>28.02.16. 19.30 CIMRFEST 2016 N\u00e1rodn\u00ed t\u0159\u00edda 25, Praha 1, koncert Folimanka Blues.<\/p>\n<p>09.02.16. 19.00 \u010cesko-Slovensk\u00e9 Superfin\u00e1le Prvn\u00ed Pivn\u00ed Extraliga v Prvn\u00ed Pivn\u00ed Tramwayi.<\/p>\n<p>09.01.16. 15.00 L. J. v po\u0159adu Pressklub na r\u00e1diu Frekvence 1<\/p>\n","protected":false},"excerpt":{"rendered":"<p>20.12.16. 20:00 &#8211; 23:00: L. J. \u017eiv\u011b v po\u0159adu Rockov\u00e1 zpov\u011bdnice na R\u00e1diu Beat. 13.12.16. 19:00 Prvn\u00ed pivn\u00ed extraliga v Prvn\u00ed pivn\u00ed tramwayi: \u010cesko &#8211; Slovensk\u00e9 Superfin\u00e1le 2016 12.12.16. 18:00 Novotn\u00e9ho l\u00e1vka 5 \u2013 L. J. spolup\u0159edn\u00e1\u0161\u00ed na semin\u00e1\u0159i D. O. S. T. Hovory na pravici na t\u00e9ma 2017: rok kontrarevoluce? 07.12.16. 17:50 Pivn\u00ed Mozaika, [&hellip;]<\/p>\n","protected":false},"author":1,"featured_media":0,"parent":0,"menu_order":0,"comment_status":"closed","ping_status":"closed","template":"","meta":{"ngg_post_thumbnail":0,"footnotes":""},"class_list":["post-8149","page","type-page","status-publish","hentry"],"_links":{"self":[{"href":"https:\/\/www.ladislavjakl.cz\/index.php?rest_route=\/wp\/v2\/pages\/8149","targetHints":{"allow":["GET"]}}],"collection":[{"href":"https:\/\/www.ladislavjakl.cz\/index.php?rest_route=\/wp\/v2\/pages"}],"about":[{"href":"https:\/\/www.ladislavjakl.cz\/index.php?rest_route=\/wp\/v2\/types\/page"}],"author":[{"embeddable":true,"href":"https:\/\/www.ladislavjakl.cz\/index.php?rest_route=\/wp\/v2\/users\/1"}],"replies":[{"embeddable":true,"href":"https:\/\/www.ladislavjakl.cz\/index.php?rest_route=%2Fwp%2Fv2%2Fcomments&post=8149"}],"version-history":[{"count":3,"href":"https:\/\/www.ladislavjakl.cz\/index.php?rest_route=\/wp\/v2\/pages\/8149\/revisions"}],"predecessor-version":[{"id":8152,"href":"https:\/\/www.ladislavjakl.cz\/index.php?rest_route=\/wp\/v2\/pages\/8149\/revisions\/8152"}],"wp:attachment":[{"href":"https:\/\/www.ladislavjakl.cz\/index.php?rest_route=%2Fwp%2Fv2%2Fmedia&parent=8149"}],"curies":[{"name":"wp","href":"https:\/\/api.w.org\/{rel}","templated":true}]}}