{"id":9712,"date":"2019-01-03T14:00:39","date_gmt":"2019-01-03T13:00:39","guid":{"rendered":"http:\/\/www.ladislavjakl.cz\/?page_id=9712"},"modified":"2019-01-03T14:00:39","modified_gmt":"2019-01-03T13:00:39","slug":"archiv-rubriky-co-se-deje-rok-2017","status":"publish","type":"page","link":"https:\/\/www.ladislavjakl.cz\/?page_id=9712","title":{"rendered":"Archiv rubriky \u201eCo se d\u011bje\u201c \u2013 rok 2017"},"content":{"rendered":"<p><span style=\"color: #808080;\">20.12.17 Na slamn\u00edku, Praha \u2013 Bubene\u010d, koncert kapely Folimanka Blues<\/span><\/p>\n<p><span style=\"color: #808080;\">16.12.17 12.00, KD Mlejn, Praha \u2013 Stod\u016flky: L. J. v porot\u011b sout\u011b\u017ee kapel Skute\u010dn\u00e1 liga<\/span><\/p>\n<p><span style=\"color: #808080;\">14.12.17 pivovar Lu\u017einy, Praha \u2013 Lu\u017einy, koncert kapely Folimanka Blues<\/span><\/p>\n<p><span style=\"color: #808080;\">13.12.17 19:00 Prvn\u00ed pivn\u00ed extraliga v Prvn\u00ed pivn\u00ed tramwayi: Kr\u00e1l Prahy 2017. Sout\u011b\u017e mal\u00fdch pra\u017esk\u00fdch pivovar\u016f \u2013 z\u00e1kladn\u00ed kolo<\/span><\/p>\n<p><span style=\"color: #808080;\">09.12.17 \u010cervoto\u010d, Strakonice, koncert kapely Folimanka Blues<\/span><\/p>\n<p><span style=\"color: #808080;\">08.12.17 divadlo Pod \u010carou, P\u00edsek, koncert kapely Folimanka Blues<\/span><\/p>\n<p><span style=\"color: #808080;\">07.12.17 Sen\u00e1t Parlamentu \u010cR: L. J. vystoup\u00ed v r\u00e1mci sch\u016fze Sen\u00e1tu k bodu \u201ePetice za zm\u011bnu tzv. Protiku\u0159\u00e1ck\u00e9ho z\u00e1kona\u201c<\/span><\/p>\n<p><span style=\"color: #808080;\">29.11.17 Pivn\u00ed mozaika, K\u0159i\u017e\u00edkova 29, Praha 8: Ve\u0159ejn\u00e1 degustace s L. J. na t\u00e9ma \u201eTo nejlep\u0161\u00ed z \u010desk\u00fdch mikropivovar\u016f\u201c<\/span><\/p>\n<p><span style=\"color: #808080;\">29.11.17 Pivn\u00ed mozaika, K\u0159i\u017e\u00edkova 29, Praha 8: Ve\u0159ejn\u00e1 degustace s L. J. na t\u00e9ma \u201eV\u00fdb\u011br sv\u011btov\u00fdch piv\u201c<\/span><\/p>\n<p><span style=\"color: #808080;\">28.11.17 19:00 Prvn\u00ed pivn\u00ed extraliga v Prvn\u00ed pivn\u00ed tramwayi: Superfin\u00e1le, \u010cesko-slovensk\u00fd le\u017e\u00e1k 2017<\/span><\/p>\n<p><span style=\"color: #808080;\">14.11.17 19:00 Prvn\u00ed pivn\u00ed extraliga v Prvn\u00ed pivn\u00ed tramwayi: fin\u00e1le, \u010cesk\u00fd le\u017e\u00e1k 2017<\/span><\/p>\n<p><span style=\"color: #808080;\">10.11.17 Pivn\u00ed mozaika, K\u0159i\u017e\u00edkova 29, Praha 8: Ve\u0159ejn\u00e1 degustace s L. J. na t\u00e9ma \u201eV\u00fdb\u011br sv\u011btov\u00fdch piv\u201c<\/span><\/p>\n<p><span style=\"color: #808080;\">02.11.17 11:00 pivovar Zaj\u00edc, Kyn\u0161perk: L. J. na ud\u00edlen\u00ed V\u00fdro\u010dn\u00edch cen sdru\u017een\u00ed p\u0159\u00e1tel piva<\/span><\/p>\n<p><span style=\"color: #808080;\">30.10.17 pivovar Velk\u00e9 B\u0159ezno: slavnostn\u00ed ocen\u011bn\u00ed le\u017e\u00e1ku B\u0159ez\u0148\u00e1k za v\u00edt\u011bzstv\u00ed v Prvn\u00ed pivn\u00ed extralize za rok 2016.<\/span><\/p>\n<p><span style=\"color: #808080;\">17.10.17 19:00 Prvn\u00ed pivn\u00ed extraliga v Prvn\u00ed pivn\u00ed tramwayi: 2. semifin\u00e1lov\u00e9 kolo, \u010cesk\u00fd le\u017e\u00e1k 2017<\/span><\/p>\n<p><span style=\"color: #808080;\">17.10.17 10 hodin, Jednac\u00ed s\u00e1l Vald\u0161tejnsk\u00e9ho pal\u00e1ce v Sen\u00e1tu Parlamentu \u010cR: L. J. promluv\u00ed na ve\u0159ejn\u00e9m sly\u0161en\u00ed k Petici za zm\u011bnu tzv. protiku\u0159\u00e1ck\u00e9ho z\u00e1kona<\/span><\/p>\n<p><span style=\"color: #808080;\">03.10.17 19:00 Prvn\u00ed pivn\u00ed extraliga v Prvn\u00ed pivn\u00ed tramwayi: 1. semifin\u00e1lov\u00e9 kolo, \u010cesk\u00fd le\u017e\u00e1k 2017<\/span><\/p>\n<p><span style=\"color: #808080;\">27.09.17 18:00 \u2013 Pivn\u00ed mozaika, K\u0159i\u017e\u00edkova 29, Praha 8: Ve\u0159ejn\u00e1 degustace s L. J. na t\u00e9ma \u201eLuxusn\u00ed piva\u201c<\/span><\/p>\n<p><span style=\"color: #808080;\">19.09.17 20:00 \u2013 Kain, Praha \u2013 \u017di\u017ekov, koncert kapely Folimanka Blues<\/span><\/p>\n<p><span style=\"color: #808080;\">17.09.17 11:30 \u2013 M\u011blnick\u00e9 vinobran\u00ed, M\u011bn\u00edk, koncert kapely Folimanka Blues<\/span><\/p>\n<p><span style=\"color: #808080;\">05.09.17 19:00 \u2013 Prvn\u00ed pivn\u00ed extraliga v Prvn\u00ed pivn\u00ed tramwayi: sv\u011btl\u00e9 le\u017e\u00e1ky z pra\u017esk\u00fdch mikropivovar\u016f.<\/span><\/p>\n<p><span style=\"color: #808080;\">09.08.17 14:00 \u2013 pivovar Urp\u00edn, Bansk\u00e1 Bystrica, Slovensko: fin\u00e1le slovensk\u00fdch le\u017e\u00e1k\u016f Prvn\u00ed pivn\u00ed extraligy<\/span><\/p>\n<p><span style=\"color: #808080;\">19.07.17 18:00 \u2013 Pivn\u00ed mozaika, K\u0159i\u017e\u00edkova 29, Praha 8: Ve\u0159ejn\u00e1 degustace s L. J. na t\u00e9ma \u201ePivn\u00ed zaj\u00edmavosti z cel\u00e9ho sv\u011bta\u201c<\/span><\/p>\n<p><span style=\"color: #808080;\">12.07.17 18:00 \u2013 Pivn\u00ed mozaika, K\u0159i\u017e\u00edkova 29, Praha 8: Ve\u0159ejn\u00e1 degustace s L. J. na t\u00e9ma \u201eNejlep\u0161\u00ed piva \u010desk\u00fdch mikropivovar\u016f\u201c<\/span><\/p>\n<p><span style=\"color: #808080;\">19.06.17 09:30 \u2013 \u010cesk\u00fd rozhlas plus: L. J. v po\u0159adu Pro a proti na t\u00e9ma \u201eJsou sankce za nep\u0159ij\u00edm\u00e1n\u00ed imigrant\u016f d\u016fvodem pro vystoupen\u00ed z EU?\u201c<\/span><\/p>\n<p><span style=\"color: #808080;\">01.06.17 11:00 \u2013 L. J. v televizi Parlamentn\u00ed listy TV na t\u00e9ma \u201ez\u00e1kaz hospod, kde nen\u00ed z\u00e1kaz kou\u0159en\u00ed\u201c<\/span><\/p>\n<p><span style=\"color: #808080;\">01.06.17 20:00 \u2013 L. J. \u017eiv\u011b v TV Prima ve speci\u00e1lu na t\u00e9ma \u201ez\u00e1kaz hospod, kde nen\u00ed z\u00e1kaz kou\u0159en\u00ed\u201c<\/span><\/p>\n<p><span style=\"color: #808080;\">30.05.17 22:00 \u2013 L. J. v \u017eiv\u00e9m vys\u00edl\u00e1n\u00ed \u010cT24 v po\u0159adu Ud\u00e1losti, koment\u00e1\u0159e na t\u00e9ma \u201ez\u00e1kaz hospod, kde nen\u00ed z\u00e1kaz kou\u0159en\u00ed\u201c<\/span><\/p>\n<p><span style=\"color: #808080;\">11.05.17 13:00 \u2013 Poslaneck\u00e1 sn\u011bmovna, kav\u00e1rna Demokracie, L. J. jako spoluorganiz\u00e1tor na diskusn\u00edm setk\u00e1n\u00ed \u0160ance norm\u00e1ln\u00edho mu\u017ee ve v\u011bku politick\u00e9 korektnosti<\/span><\/p>\n<p><span style=\"color: #808080;\">20.04.17 18:00 Terezi\u00e1nsk\u00fd s\u00e1l B\u0159evnovsk\u00e9ho kl\u00e1\u0161tera: L. J., u Slavnostn\u00edho p\u0159ed\u00e1v\u00e1n\u00ed V\u00fdro\u010dn\u00edch cen \u010cesk\u00e9 a moravsk\u00e9 pivovarnick\u00e9 akademie<\/span><\/p>\n<p><span style=\"color: #808080;\">19.04.17 18:00 Pivn\u00ed mozaika, K\u0159i\u017e\u00edkova 29, Praha 8: Ve\u0159ejn\u00e1 degustace s L. J. na t\u00e9ma \u201eNejlep\u0161\u00ed piva \u010desk\u00fdch mikropivovar\u016f\u201c<\/span><\/p>\n<p><span style=\"color: #808080;\">08.04.17 Dublin, Teplice, koncert kapely Folimanka Blues<\/span><\/p>\n<p><span style=\"color: #808080;\">07.04.17 N\u00e1rodn\u00ed d\u016fm, \u00dast\u00ed nad Labem, koncert kapely Folimanka Blues<\/span><\/p>\n<p><span style=\"color: #808080;\">04.04.17 19:00 Prvn\u00ed pivn\u00ed extraliga v Prvn\u00ed pivn\u00ed tramwayi: 5. z\u00e1kladn\u00ed kolo, \u010cesk\u00fd le\u017e\u00e1k 2017<\/span><\/p>\n<p><span style=\"color: #808080;\">29.03.17 17:00 Muzeum Cestopisn\u00e9 literatury, \u010cesk\u00e9 Bud\u011bjovice: beseda K- klubu s Ladislavem Jaklem na t\u00e9ma M\u00e1 konzervativn\u00ed my\u0161len\u00ed v Evrop\u011b je\u0161t\u011b n\u011bjakou nad\u011bji?<\/span><\/p>\n<p><span style=\"color: #808080;\">27.03.17 18:00 pivnice N\u011bm\u00fd medv\u011bd M\u011bln\u00edk: Pivn\u00ed konfrontace s Ladislavem Jaklem \u2013 Piva M\u011blnicka vs. sv\u011btov\u00e1 piva<\/span><\/p>\n<p><span style=\"color: #808080;\">21.03.17 19:00 Prvn\u00ed pivn\u00ed extraliga v Prvn\u00ed pivn\u00ed tramwayi: 4. z\u00e1kladn\u00ed kolo, \u010cesk\u00fd le\u017e\u00e1k 2017<\/span><\/p>\n<p><span style=\"color: #808080;\">18.03.17 09:00 Pivovarsk\u00fd dv\u016fr Zv\u00edkov: L. J. v porot\u011b Jarn\u00ed ceny \u010desk\u00fdch sl\u00e1dk\u016f<\/span><\/p>\n<p><span style=\"color: #808080;\">08.03.17 18:00 Pivn\u00ed mozaika, K\u0159i\u017e\u00edkova 29, Praha 8: Ve\u0159ejn\u00e1 degustace s L. J. na t\u00e9ma \u201eNejlep\u0161\u00ed piva \u010desk\u00fdch mikropivovar\u016f\u201c<\/span><\/p>\n<p><span style=\"color: #808080;\">07.03.17 19:00 Prvn\u00ed pivn\u00ed extraliga v Prvn\u00ed pivn\u00ed tramwayi: 3. z\u00e1kladn\u00ed kolo, \u010cesk\u00fd le\u017e\u00e1k 2017<\/span><\/p>\n<p><span style=\"color: #808080;\">28.02.17 19:30 CIMRFEST 2017 N\u00e1rodn\u00ed t\u0159\u00edda 25, Praha 1, koncert Folimanka Blues<\/span><\/p>\n<p><span style=\"color: #808080;\">24.02.17 09:00 \u2013 18:00, Kongresov\u00e9 centrum Ol\u0161anka: L. J. v porot\u011b degusta\u010dn\u00ed sout\u011b\u017ee \u010cesk\u00e9 a moravsk\u00e9 pivn\u00ed koruny v r\u00e1mci veletrhu Pivo Bier Ale EXPO 2017<\/span><\/p>\n<p><span style=\"color: #808080;\">22.02.17 19:00 Prvn\u00ed pivn\u00ed extraliga v Prvn\u00ed pivn\u00ed tramwayi: 2. z\u00e1kladn\u00ed kolo, \u010cesk\u00fd le\u017e\u00e1k 2017<\/span><\/p>\n<p><span style=\"color: #808080;\">18.02.17 18.00 pavilon T1, V\u00fdstavi\u0161t\u011b, \u010cesk\u00e9 Bud\u011bjovice: L. J. na ofici\u00e1ln\u00edm vyhl\u00e1\u0161en\u00ed v\u00fdsledk\u016f Zlat\u00e9 pivn\u00ed pe\u010det\u011b<\/span><\/p>\n<p><span style=\"color: #808080;\">15.02.17 18:00 Pivn\u00ed mozaika, K\u0159i\u017e\u00edkova 29, Praha 8: Ve\u0159ejn\u00e1 degustace s L. J. na t\u00e9ma \u201ePiva z cel\u00e9ho sv\u011bta\u201c<\/span><\/p>\n<p><span style=\"color: #808080;\">07.02.17 19:00 Prvn\u00ed pivn\u00ed extraliga v Prvn\u00ed pivn\u00ed tramwayi: 1. z\u00e1kladn\u00ed kolo, \u010cesk\u00fd le\u017e\u00e1k 2017<\/span><\/p>\n<p><span style=\"color: #808080;\">20.01.17 21:10 \u2013 L. J. \u017eiv\u011b v po\u0159adu 60 minut na stanici \u010cesk\u00fd rozhlas Plus o inauguraci nov\u00e9ho americk\u00e9ho prezidenta Donalda Trumpa<\/span><\/p>\n","protected":false},"excerpt":{"rendered":"<p>20.12.17 Na slamn\u00edku, Praha \u2013 Bubene\u010d, koncert kapely Folimanka Blues 16.12.17 12.00, KD Mlejn, Praha \u2013 Stod\u016flky: L. J. v porot\u011b sout\u011b\u017ee kapel Skute\u010dn\u00e1 liga 14.12.17 pivovar Lu\u017einy, Praha \u2013 Lu\u017einy, koncert kapely Folimanka Blues 13.12.17 19:00 Prvn\u00ed pivn\u00ed extraliga v Prvn\u00ed pivn\u00ed tramwayi: Kr\u00e1l Prahy 2017. Sout\u011b\u017e mal\u00fdch pra\u017esk\u00fdch pivovar\u016f \u2013 z\u00e1kladn\u00ed kolo 09.12.17 [&hellip;]<\/p>\n","protected":false},"author":1,"featured_media":0,"parent":0,"menu_order":0,"comment_status":"closed","ping_status":"closed","template":"","meta":{"ngg_post_thumbnail":0,"footnotes":""},"class_list":["post-9712","page","type-page","status-publish","hentry"],"_links":{"self":[{"href":"https:\/\/www.ladislavjakl.cz\/index.php?rest_route=\/wp\/v2\/pages\/9712","targetHints":{"allow":["GET"]}}],"collection":[{"href":"https:\/\/www.ladislavjakl.cz\/index.php?rest_route=\/wp\/v2\/pages"}],"about":[{"href":"https:\/\/www.ladislavjakl.cz\/index.php?rest_route=\/wp\/v2\/types\/page"}],"author":[{"embeddable":true,"href":"https:\/\/www.ladislavjakl.cz\/index.php?rest_route=\/wp\/v2\/users\/1"}],"replies":[{"embeddable":true,"href":"https:\/\/www.ladislavjakl.cz\/index.php?rest_route=%2Fwp%2Fv2%2Fcomments&post=9712"}],"version-history":[{"count":1,"href":"https:\/\/www.ladislavjakl.cz\/index.php?rest_route=\/wp\/v2\/pages\/9712\/revisions"}],"predecessor-version":[{"id":9713,"href":"https:\/\/www.ladislavjakl.cz\/index.php?rest_route=\/wp\/v2\/pages\/9712\/revisions\/9713"}],"wp:attachment":[{"href":"https:\/\/www.ladislavjakl.cz\/index.php?rest_route=%2Fwp%2Fv2%2Fmedia&parent=9712"}],"curies":[{"name":"wp","href":"https:\/\/api.w.org\/{rel}","templated":true}]}}